{"id":1270,"date":"2023-12-04T19:58:27","date_gmt":"2023-12-04T19:58:27","guid":{"rendered":"https:\/\/cursodepizza.online\/curso-de-pizza-online\/?page_id=1270"},"modified":"2026-04-14T20:41:00","modified_gmt":"2026-04-14T20:41:00","slug":"politica-de-privacidade-e-cookies","status":"publish","type":"page","link":"https:\/\/cursodepizza.online\/curso-de-pizza-online\/politica-de-privacidade-e-cookies\/","title":{"rendered":"Pol\u00edtica de Privacidade e Cookies"},"content":{"rendered":"\t\t<div data-elementor-type=\"wp-page\" data-elementor-id=\"1270\" class=\"elementor elementor-1270\" data-elementor-post-type=\"page\">\n\t\t\t\t<div class=\"elementor-element elementor-element-b40aafd e-flex e-con-boxed e-con e-parent\" data-id=\"b40aafd\" data-element_type=\"container\" data-e-type=\"container\" data-settings=\"{&quot;background_background&quot;:&quot;classic&quot;,&quot;ekit_has_onepagescroll_dot&quot;:&quot;yes&quot;}\">\n\t\t\t\t\t<div class=\"e-con-inner\">\n\t\t\t\t<div class=\"elementor-element elementor-element-b391c96 de_scroll_animation_no elementor-widget elementor-widget-heading\" data-id=\"b391c96\" data-element_type=\"widget\" data-e-type=\"widget\" data-settings=\"{&quot;ekit_we_effect_on&quot;:&quot;none&quot;}\" data-widget_type=\"heading.default\">\n\t\t\t\t<div class=\"elementor-widget-container\">\n\t\t\t\t\t<h1 class=\"elementor-heading-title elementor-size-default\">Pol\u00edtica de Privacidade e Cookies<\/h1>\t\t\t\t<\/div>\n\t\t\t\t<\/div>\n\t\t\t\t<div class=\"elementor-element elementor-element-23737fb de_scroll_animation_no elementor-widget elementor-widget-text-editor\" data-id=\"23737fb\" data-element_type=\"widget\" data-e-type=\"widget\" data-settings=\"{&quot;ekit_we_effect_on&quot;:&quot;none&quot;}\" data-widget_type=\"text-editor.default\">\n\t\t\t\t<div class=\"elementor-widget-container\">\n\t\t\t\t\t\t\t\t\t<div class=\"cli_pg_page_contaner\">\r\n<h3>Sobre esta pol\u00edtica de cookies<\/h3>\r\n<div>Esta Pol\u00edtica de Cookies explica o que s\u00e3o cookies e como os utilizamos, os tipos de cookies que utilizamos, ou seja, as informa\u00e7\u00f5es que recolhemos atrav\u00e9s de cookies e como essas informa\u00e7\u00f5es s\u00e3o utilizadas, e como controlar as prefer\u00eancias de cookies. Para mais informa\u00e7\u00f5es sobre como utilizamos, armazenamos e mantemos os seus dados pessoais seguros, consulte a nossa Pol\u00edtica de Privacidade.Voc\u00ea pode a qualquer momento alterar ou retirar seu consentimento da Declara\u00e7\u00e3o de Cookies em nosso siteSaiba mais sobre quem somos, como voc\u00ea pode entrar em contato conosco e como processamos dados pessoais em nossa Pol\u00edtica de Privacidade.Seu consentimento se aplica aos seguintes dom\u00ednios: cursodepizza.online<div class=\"cli_user_consent_state\">Seu estado atual: N\u00e3o foi dado consentimento. <a class=\"cli_manage_current_consent\" style=\"cursor:pointer;text-decoration:underline;\">Gerenciar consentimento.<\/a> <\/div><\/div>\r\n<h3>O que s\u00e3o cookies ?<\/h3>\r\n<div>Cookies s\u00e3o pequenos arquivos de texto usados para armazenar pequenas informa\u00e7\u00f5es. Eles s\u00e3o armazenados no seu dispositivo quando o site \u00e9 carregado no seu navegador. Estes cookies ajudam-nos a fazer com que o site funcione corretamente, torn\u00e1-lo mais seguro, proporcionar uma melhor experi\u00eancia ao utilizador e compreender o desempenho do site e analisar o que funciona e onde precisa de ser melhorado.<\/div>\r\n<h3>Como usamos cookies?<\/h3>\r\n<div>Tal como a maioria dos servi\u00e7os online, o nosso site utiliza cookies pr\u00f3prios e de terceiros para diversos fins. Os cookies prim\u00e1rios s\u00e3o principalmente necess\u00e1rios para o site funcionar corretamente e n\u00e3o coletam nenhum dos seus dados de identifica\u00e7\u00e3o pessoal.Os cookies de terceiros usados em nosso site s\u00e3o principalmente para entender o desempenho do site, como voc\u00ea interage com nosso site, manter nossos servi\u00e7os seguros, fornecer an\u00fancios que sejam relevantes para voc\u00ea e, em suma, fornecer-lhe um usu\u00e1rio melhor e melhorado. experi\u00eancia e ajudar a acelerar suas intera\u00e7\u00f5es futuras com nosso site.<\/div>\r\n<h3>Que tipos de cookies utilizamos?<\/h3>\r\n<div>Essencial: Alguns cookies s\u00e3o essenciais para que voc\u00ea possa experimentar todas as funcionalidades do nosso site. Eles nos permitem manter as sess\u00f5es dos usu\u00e1rios e prevenir quaisquer amea\u00e7as \u00e0 seguran\u00e7a. Eles n\u00e3o coletam ou armazenam nenhuma informa\u00e7\u00e3o pessoal. Por exemplo, esses cookies permitem que voc\u00ea fa\u00e7a login na sua conta e adicione produtos ao seu carrinho e finalize a compra com seguran\u00e7a.Estat\u00edsticas: Estes cookies armazenam informa\u00e7\u00f5es como o n\u00famero de visitantes do site, o n\u00famero de visitantes \u00fanicos, quais p\u00e1ginas do site foram visitadas, a origem da visita, etc. e onde precisa de melhorias.Marketing: Nosso site exibe an\u00fancios. Esses cookies s\u00e3o usados para personalizar os an\u00fancios que lhe mostramos, para serem significativos para voc\u00ea. Estes cookies tamb\u00e9m nos ajudam a acompanhar a efici\u00eancia destas campanhas publicit\u00e1rias.As informa\u00e7\u00f5es armazenadas nesses cookies tamb\u00e9m podem ser usadas por provedores de an\u00fancios terceirizados para mostrar an\u00fancios em outros sites no navegador.Funcionais: S\u00e3o os cookies que auxiliam determinadas funcionalidades n\u00e3o essenciais do nosso site. Essas funcionalidades incluem a incorpora\u00e7\u00e3o de conte\u00fado como v\u00eddeos ou o compartilhamento de conte\u00fado do site em plataformas de m\u00eddia social.Prefer\u00eancias: Esses cookies nos ajudam a armazenar suas configura\u00e7\u00f5es e prefer\u00eancias de navega\u00e7\u00e3o, como prefer\u00eancias de idioma, para que voc\u00ea tenha uma experi\u00eancia melhor e mais eficiente em futuras visitas ao site.<p>A lista abaixo detalha os cookies utilizados em nosso site.<\/p><table class=\"cookielawinfo-row-cat-table cookielawinfo-classic\"><thead><tr><th class=\"cookielawinfo-column-1\">Cookie<\/th><th class=\"cookielawinfo-column-4\">Descri\u00e7\u00e3o<\/th><\/tr><\/thead><tbody><tr class=\"cookielawinfo-row\"><td class=\"cookielawinfo-column-1\">cookielawinfo-checkbox-analytics<\/td><td class=\"cookielawinfo-column-4\">This cookie is set by GDPR Cookie Consent plugin. The cookie is used to store the user consent for the cookies in the category &#8220;Analytics&#8221;.<\/td><\/tr><tr class=\"cookielawinfo-row\"><td class=\"cookielawinfo-column-1\">cookielawinfo-checkbox-functional<\/td><td class=\"cookielawinfo-column-4\">The cookie is set by GDPR cookie consent to record the user consent for the cookies in the category &#8220;Functional&#8221;.<\/td><\/tr><tr class=\"cookielawinfo-row\"><td class=\"cookielawinfo-column-1\">cookielawinfo-checkbox-necessary<\/td><td class=\"cookielawinfo-column-4\">This cookie is set by GDPR Cookie Consent plugin. The cookies is used to store the user consent for the cookies in the category &#8220;Necessary&#8221;.<\/td><\/tr><tr class=\"cookielawinfo-row\"><td class=\"cookielawinfo-column-1\">cookielawinfo-checkbox-others<\/td><td class=\"cookielawinfo-column-4\">This cookie is set by GDPR Cookie Consent plugin. The cookie is used to store the user consent for the cookies in the category &#8220;Other.<\/td><\/tr><tr class=\"cookielawinfo-row\"><td class=\"cookielawinfo-column-1\">cookielawinfo-checkbox-performance<\/td><td class=\"cookielawinfo-column-4\">This cookie is set by GDPR Cookie Consent plugin. The cookie is used to store the user consent for the cookies in the category &#8220;Performance&#8221;.<\/td><\/tr><tr class=\"cookielawinfo-row\"><td class=\"cookielawinfo-column-1\">viewed_cookie_policy<\/td><td class=\"cookielawinfo-column-4\">The cookie is set by the GDPR Cookie Consent plugin and is used to store whether or not user has consented to the use of cookies. It does not store any personal data.<\/td><\/tr><\/tbody><\/table><\/div>\r\n<h3>Como posso controlar as prefer\u00eancias de cookies?<\/h3>\r\n<div>Caso decida alterar suas prefer\u00eancias posteriormente durante a sess\u00e3o de navega\u00e7\u00e3o, voc\u00ea pode clicar na guia \u201cGerenciar consentimento\u201d na tela. Isso exibir\u00e1 novamente o aviso de consentimento, permitindo que voc\u00ea altere suas prefer\u00eancias ou retire totalmente seu consentimento.Al\u00e9m disso, diferentes navegadores oferecem diferentes m\u00e9todos para bloquear e excluir cookies usados por sites. Voc\u00ea pode alterar as configura\u00e7\u00f5es do seu navegador para bloquear\/excluir os cookies. Para saber mais sobre como gerenciar e excluir cookies, visite\u00a0wikipedia.org, www.allaboutcookies.org.<\/div>\r\n<\/div>\t\t\t\t\t\t\t\t<\/div>\n\t\t\t\t<\/div>\n\t\t\t\t\t<\/div>\n\t\t\t\t<\/div>\n\t\t\t\t<\/div>\n\t\t","protected":false},"excerpt":{"rendered":"<p>Pol\u00edtica de Privacidade e Cookies Sobre esta pol\u00edtica de cookies Esta Pol\u00edtica de Cookies explica o que s\u00e3o cookies e como os utilizamos, os tipos de cookies que utilizamos, ou seja, as informa\u00e7\u00f5es que recolhemos atrav\u00e9s de cookies e como essas informa\u00e7\u00f5es s\u00e3o utilizadas, e como controlar as prefer\u00eancias de cookies. Para mais informa\u00e7\u00f5es sobre [&hellip;]<\/p>\n","protected":false},"author":1,"featured_media":0,"parent":0,"menu_order":0,"comment_status":"closed","ping_status":"closed","template":"elementor_header_footer","meta":{"footnotes":""},"class_list":["post-1270","page","type-page","status-publish","hentry"],"yoast_head":"<!-- This site is optimized with the Yoast SEO plugin v27.4 - https:\/\/yoast.com\/product\/yoast-seo-wordpress\/ -->\n<title>Pol\u00edtica de Privacidade e Cookies - Curso de Pizza Online e Pizzaiolo Profissional<\/title>\n<meta name=\"robots\" content=\"noindex, nofollow\" \/>\n<meta property=\"og:locale\" content=\"pt_BR\" \/>\n<meta property=\"og:type\" content=\"article\" \/>\n<meta property=\"og:title\" content=\"Pol\u00edtica de Privacidade e Cookies - Curso de Pizza Online e Pizzaiolo Profissional\" \/>\n<meta property=\"og:description\" content=\"Pol\u00edtica de Privacidade e Cookies Sobre esta pol\u00edtica de cookies Esta Pol\u00edtica de Cookies explica o que s\u00e3o cookies e como os utilizamos, os tipos de cookies que utilizamos, ou seja, as informa\u00e7\u00f5es que recolhemos atrav\u00e9s de cookies e como essas informa\u00e7\u00f5es s\u00e3o utilizadas, e como controlar as prefer\u00eancias de cookies. Para mais informa\u00e7\u00f5es sobre [&hellip;]\" \/>\n<meta property=\"og:url\" content=\"https:\/\/cursodepizza.online\/curso-de-pizza-online\/politica-de-privacidade-e-cookies\/\" \/>\n<meta property=\"og:site_name\" content=\"Curso de Pizza Online e Pizzaiolo Profissional\" \/>\n<meta property=\"article:modified_time\" content=\"2026-04-14T20:41:00+00:00\" \/>\n<meta name=\"twitter:card\" content=\"summary_large_image\" \/>\n<meta name=\"twitter:label1\" content=\"Est. tempo de leitura\" \/>\n\t<meta name=\"twitter:data1\" content=\"4 minutos\" \/>\n<script type=\"application\/ld+json\" class=\"yoast-schema-graph\">{\"@context\":\"https:\\\/\\\/schema.org\",\"@graph\":[{\"@type\":\"WebPage\",\"@id\":\"https:\\\/\\\/cursodepizza.online\\\/curso-de-pizza-online\\\/politica-de-privacidade-e-cookies\\\/\",\"url\":\"https:\\\/\\\/cursodepizza.online\\\/curso-de-pizza-online\\\/politica-de-privacidade-e-cookies\\\/\",\"name\":\"Pol\u00edtica de Privacidade e Cookies - Curso de Pizza Online e Pizzaiolo Profissional\",\"isPartOf\":{\"@id\":\"https:\\\/\\\/cursodepizza.online\\\/curso-de-pizza-online\\\/#website\"},\"datePublished\":\"2023-12-04T19:58:27+00:00\",\"dateModified\":\"2026-04-14T20:41:00+00:00\",\"breadcrumb\":{\"@id\":\"https:\\\/\\\/cursodepizza.online\\\/curso-de-pizza-online\\\/politica-de-privacidade-e-cookies\\\/#breadcrumb\"},\"inLanguage\":\"pt-BR\",\"potentialAction\":[{\"@type\":\"ReadAction\",\"target\":[\"https:\\\/\\\/cursodepizza.online\\\/curso-de-pizza-online\\\/politica-de-privacidade-e-cookies\\\/\"]}]},{\"@type\":\"BreadcrumbList\",\"@id\":\"https:\\\/\\\/cursodepizza.online\\\/curso-de-pizza-online\\\/politica-de-privacidade-e-cookies\\\/#breadcrumb\",\"itemListElement\":[{\"@type\":\"ListItem\",\"position\":1,\"name\":\"In\u00edcio\",\"item\":\"https:\\\/\\\/cursodepizza.online\\\/curso-de-pizza-online\\\/\"},{\"@type\":\"ListItem\",\"position\":2,\"name\":\"Pol\u00edtica de Privacidade e Cookies\"}]},{\"@type\":\"WebSite\",\"@id\":\"https:\\\/\\\/cursodepizza.online\\\/curso-de-pizza-online\\\/#website\",\"url\":\"https:\\\/\\\/cursodepizza.online\\\/curso-de-pizza-online\\\/\",\"name\":\"Curso de Pizza Online e Pizzaiolo Profissional\",\"description\":\"Aprenda tudo que precisa para fazer pizzas deliciosas com nosso Curso de Pizza Online. Seja Pizzaiolo e monte seu neg\u00f3cio em poucos dias!\",\"publisher\":{\"@id\":\"https:\\\/\\\/cursodepizza.online\\\/curso-de-pizza-online\\\/#organization\"},\"potentialAction\":[{\"@type\":\"SearchAction\",\"target\":{\"@type\":\"EntryPoint\",\"urlTemplate\":\"https:\\\/\\\/cursodepizza.online\\\/curso-de-pizza-online\\\/?s={search_term_string}\"},\"query-input\":{\"@type\":\"PropertyValueSpecification\",\"valueRequired\":true,\"valueName\":\"search_term_string\"}}],\"inLanguage\":\"pt-BR\"},{\"@type\":\"Organization\",\"@id\":\"https:\\\/\\\/cursodepizza.online\\\/curso-de-pizza-online\\\/#organization\",\"name\":\"Curso de Pizza Online e Pizzaiolo Profissional\",\"url\":\"https:\\\/\\\/cursodepizza.online\\\/curso-de-pizza-online\\\/\",\"logo\":{\"@type\":\"ImageObject\",\"inLanguage\":\"pt-BR\",\"@id\":\"https:\\\/\\\/cursodepizza.online\\\/curso-de-pizza-online\\\/#\\\/schema\\\/logo\\\/image\\\/\",\"url\":\"https:\\\/\\\/cursodepizza.online\\\/curso-de-pizza-online\\\/wp-content\\\/uploads\\\/2023\\\/10\\\/O-Gatronomo-Curso-de-Pizza-Online.jpg\",\"contentUrl\":\"https:\\\/\\\/cursodepizza.online\\\/curso-de-pizza-online\\\/wp-content\\\/uploads\\\/2023\\\/10\\\/O-Gatronomo-Curso-de-Pizza-Online.jpg\",\"width\":1600,\"height\":430,\"caption\":\"Curso de Pizza Online e Pizzaiolo Profissional\"},\"image\":{\"@id\":\"https:\\\/\\\/cursodepizza.online\\\/curso-de-pizza-online\\\/#\\\/schema\\\/logo\\\/image\\\/\"}}]}<\/script>\n<!-- \/ Yoast SEO plugin. -->","yoast_head_json":{"title":"Pol\u00edtica de Privacidade e Cookies - Curso de Pizza Online e Pizzaiolo Profissional","robots":{"index":"noindex","follow":"nofollow"},"og_locale":"pt_BR","og_type":"article","og_title":"Pol\u00edtica de Privacidade e Cookies - Curso de Pizza Online e Pizzaiolo Profissional","og_description":"Pol\u00edtica de Privacidade e Cookies Sobre esta pol\u00edtica de cookies Esta Pol\u00edtica de Cookies explica o que s\u00e3o cookies e como os utilizamos, os tipos de cookies que utilizamos, ou seja, as informa\u00e7\u00f5es que recolhemos atrav\u00e9s de cookies e como essas informa\u00e7\u00f5es s\u00e3o utilizadas, e como controlar as prefer\u00eancias de cookies. Para mais informa\u00e7\u00f5es sobre [&hellip;]","og_url":"https:\/\/cursodepizza.online\/curso-de-pizza-online\/politica-de-privacidade-e-cookies\/","og_site_name":"Curso de Pizza Online e Pizzaiolo Profissional","article_modified_time":"2026-04-14T20:41:00+00:00","twitter_card":"summary_large_image","twitter_misc":{"Est. tempo de leitura":"4 minutos"},"schema":{"@context":"https:\/\/schema.org","@graph":[{"@type":"WebPage","@id":"https:\/\/cursodepizza.online\/curso-de-pizza-online\/politica-de-privacidade-e-cookies\/","url":"https:\/\/cursodepizza.online\/curso-de-pizza-online\/politica-de-privacidade-e-cookies\/","name":"Pol\u00edtica de Privacidade e Cookies - Curso de Pizza Online e Pizzaiolo Profissional","isPartOf":{"@id":"https:\/\/cursodepizza.online\/curso-de-pizza-online\/#website"},"datePublished":"2023-12-04T19:58:27+00:00","dateModified":"2026-04-14T20:41:00+00:00","breadcrumb":{"@id":"https:\/\/cursodepizza.online\/curso-de-pizza-online\/politica-de-privacidade-e-cookies\/#breadcrumb"},"inLanguage":"pt-BR","potentialAction":[{"@type":"ReadAction","target":["https:\/\/cursodepizza.online\/curso-de-pizza-online\/politica-de-privacidade-e-cookies\/"]}]},{"@type":"BreadcrumbList","@id":"https:\/\/cursodepizza.online\/curso-de-pizza-online\/politica-de-privacidade-e-cookies\/#breadcrumb","itemListElement":[{"@type":"ListItem","position":1,"name":"In\u00edcio","item":"https:\/\/cursodepizza.online\/curso-de-pizza-online\/"},{"@type":"ListItem","position":2,"name":"Pol\u00edtica de Privacidade e Cookies"}]},{"@type":"WebSite","@id":"https:\/\/cursodepizza.online\/curso-de-pizza-online\/#website","url":"https:\/\/cursodepizza.online\/curso-de-pizza-online\/","name":"Curso de Pizza Online e Pizzaiolo Profissional","description":"Aprenda tudo que precisa para fazer pizzas deliciosas com nosso Curso de Pizza Online. Seja Pizzaiolo e monte seu neg\u00f3cio em poucos dias!","publisher":{"@id":"https:\/\/cursodepizza.online\/curso-de-pizza-online\/#organization"},"potentialAction":[{"@type":"SearchAction","target":{"@type":"EntryPoint","urlTemplate":"https:\/\/cursodepizza.online\/curso-de-pizza-online\/?s={search_term_string}"},"query-input":{"@type":"PropertyValueSpecification","valueRequired":true,"valueName":"search_term_string"}}],"inLanguage":"pt-BR"},{"@type":"Organization","@id":"https:\/\/cursodepizza.online\/curso-de-pizza-online\/#organization","name":"Curso de Pizza Online e Pizzaiolo Profissional","url":"https:\/\/cursodepizza.online\/curso-de-pizza-online\/","logo":{"@type":"ImageObject","inLanguage":"pt-BR","@id":"https:\/\/cursodepizza.online\/curso-de-pizza-online\/#\/schema\/logo\/image\/","url":"https:\/\/cursodepizza.online\/curso-de-pizza-online\/wp-content\/uploads\/2023\/10\/O-Gatronomo-Curso-de-Pizza-Online.jpg","contentUrl":"https:\/\/cursodepizza.online\/curso-de-pizza-online\/wp-content\/uploads\/2023\/10\/O-Gatronomo-Curso-de-Pizza-Online.jpg","width":1600,"height":430,"caption":"Curso de Pizza Online e Pizzaiolo Profissional"},"image":{"@id":"https:\/\/cursodepizza.online\/curso-de-pizza-online\/#\/schema\/logo\/image\/"}}]}},"_links":{"self":[{"href":"https:\/\/cursodepizza.online\/curso-de-pizza-online\/wp-json\/wp\/v2\/pages\/1270","targetHints":{"allow":["GET"]}}],"collection":[{"href":"https:\/\/cursodepizza.online\/curso-de-pizza-online\/wp-json\/wp\/v2\/pages"}],"about":[{"href":"https:\/\/cursodepizza.online\/curso-de-pizza-online\/wp-json\/wp\/v2\/types\/page"}],"author":[{"embeddable":true,"href":"https:\/\/cursodepizza.online\/curso-de-pizza-online\/wp-json\/wp\/v2\/users\/1"}],"replies":[{"embeddable":true,"href":"https:\/\/cursodepizza.online\/curso-de-pizza-online\/wp-json\/wp\/v2\/comments?post=1270"}],"version-history":[{"count":25,"href":"https:\/\/cursodepizza.online\/curso-de-pizza-online\/wp-json\/wp\/v2\/pages\/1270\/revisions"}],"predecessor-version":[{"id":1457,"href":"https:\/\/cursodepizza.online\/curso-de-pizza-online\/wp-json\/wp\/v2\/pages\/1270\/revisions\/1457"}],"wp:attachment":[{"href":"https:\/\/cursodepizza.online\/curso-de-pizza-online\/wp-json\/wp\/v2\/media?parent=1270"}],"curies":[{"name":"wp","href":"https:\/\/api.w.org\/{rel}","templated":true}]}}